{"id":6738,"date":"2021-02-09T10:48:16","date_gmt":"2021-02-09T09:48:16","guid":{"rendered":"https:\/\/www.cads-additive.com\/imprint\/"},"modified":"2023-12-18T12:45:48","modified_gmt":"2023-12-18T11:45:48","slug":"imprint","status":"publish","type":"page","link":"https:\/\/www.cads-additive.com\/en\/imprint\/","title":{"rendered":"Imprint"},"content":{"rendered":"\t\t<div data-elementor-type=\"wp-page\" data-elementor-id=\"6738\" class=\"elementor elementor-6738 elementor-11\" data-elementor-post-type=\"page\">\n\t\t\t\t\t\t<section class=\"elementor-section elementor-top-section elementor-element elementor-element-6069c64 elementor-section-full_width elementor-section-stretched elementor-section-height-default elementor-section-height-default\" data-id=\"6069c64\" data-element_type=\"section\" data-settings=\"{&quot;stretch_section&quot;:&quot;section-stretched&quot;}\">\n\t\t\t\t\t\t<div class=\"elementor-container elementor-column-gap-default\">\n\t\t\t\t\t<div class=\"elementor-column elementor-col-100 elementor-top-column elementor-element elementor-element-063cc8a\" data-id=\"063cc8a\" data-element_type=\"column\">\n\t\t\t<div class=\"elementor-widget-wrap elementor-element-populated\">\n\t\t\t\t\t\t<div class=\"elementor-element elementor-element-83a32db elementor-widget elementor-widget-shortcode\" data-id=\"83a32db\" data-element_type=\"widget\" data-widget_type=\"shortcode.default\">\n\t\t\t\t<div class=\"elementor-widget-container\">\n\t\t\t\t\t<div class=\"elementor-shortcode\"><nav aria-label=\"breadcrumbs\" class=\"rank-math-breadcrumb\"><p><span class=\"last\">Home<\/span><\/p><\/nav><\/div>\n\t\t\t\t<\/div>\n\t\t\t\t<\/div>\n\t\t\t\t<div class=\"elementor-element elementor-element-126d40f elementor-widget elementor-widget-heading\" data-id=\"126d40f\" data-element_type=\"widget\" data-widget_type=\"heading.default\">\n\t\t\t\t<div class=\"elementor-widget-container\">\n\t\t\t<h1 class=\"elementor-heading-title elementor-size-default\">Imprint\n<\/h1>\t\t<\/div>\n\t\t\t\t<\/div>\n\t\t\t\t<div class=\"elementor-element elementor-element-6f757a5 elementor-widget-divider--view-line elementor-widget elementor-widget-divider\" data-id=\"6f757a5\" data-element_type=\"widget\" data-widget_type=\"divider.default\">\n\t\t\t\t<div class=\"elementor-widget-container\">\n\t\t\t\t\t<div class=\"elementor-divider\">\n\t\t\t<span class=\"elementor-divider-separator\">\n\t\t\t\t\t\t<\/span>\n\t\t<\/div>\n\t\t\t\t<\/div>\n\t\t\t\t<\/div>\n\t\t\t\t\t<\/div>\n\t\t<\/div>\n\t\t\t\t\t<\/div>\n\t\t<\/section>\n\t\t\t\t<section class=\"elementor-section elementor-top-section elementor-element elementor-element-1c6c0d21 elementor-section-full_width elementor-section-stretched elementor-section-height-default elementor-section-height-default\" data-id=\"1c6c0d21\" data-element_type=\"section\" data-settings=\"{&quot;stretch_section&quot;:&quot;section-stretched&quot;}\">\n\t\t\t\t\t\t<div class=\"elementor-container elementor-column-gap-default\">\n\t\t\t\t\t<div class=\"elementor-column elementor-col-100 elementor-top-column elementor-element elementor-element-3fc28395\" data-id=\"3fc28395\" data-element_type=\"column\">\n\t\t\t<div class=\"elementor-widget-wrap elementor-element-populated\">\n\t\t\t\t\t\t<div class=\"elementor-element elementor-element-70d541bd elementor-widget elementor-widget-text-editor\" data-id=\"70d541bd\" data-element_type=\"widget\" data-widget_type=\"text-editor.default\">\n\t\t\t\t<div class=\"elementor-widget-container\">\n\t\t\t\t\t\t\t<h4><strong>Hexagon Manufacturing Intelligence GmbH<\/strong><\/h4><p>Technologiepark 17, 4320 Perg, Austria<br \/>T +43 7262 20540 \/\/ office@cads-additive.com \/\/ www.cads-additive.com<br \/><br \/><strong>Company Register:<\/strong> FN 321590 b<br \/><strong>UID:<\/strong> ATU64737235<br \/><strong>Court of Jurisdiction:<\/strong> Perg<br \/><strong>Disclosure:<\/strong> gem. acc. \u00a7 25 Media Act<\/p><p><strong>Media Owner<br \/><\/strong>CADS Additive GmbH, Technologiepark 17, 4320 Perg, Austria<\/p><p><strong>Object of the company<\/strong><br \/>Provision of services in the automatic Data processing and information technology.<\/p><p><strong>Managing Director<\/strong><br \/>Thomas SZIRTES, Arnoldus SEUREN, Steven YOUNGS<\/p><h4><strong>Disclaimer<\/strong><\/h4><h5>1. Consent of the Online Website<\/h5><p>The author provides no guarantees whatsoever for the currentness, correctness, completeness or quality of the supplied information. Liability claims against the author that refer to damages of a material or an immaterial nature, which have been caused through the usage or the non-usage of the supplied information and\/or through the usage of flawed and incomplete information, shall in principle be excluded insofar as the author has committed no intentional wrongdoing or gross negligence against documentation. All offers shall be considered to non-binding and without obligation. The author expressly reserves the right, without special advance notice, to modify, supplement or delete sections of the website or the entire website or to discontinue the publication of the website, temporarily or permanently.<\/p><h5>2. References and Links<\/h5><p>With regards to direct or indirect references to third-party Internet sites (\u201cLinks\u201d) which are out of the author\u2019s control, a liability obligation would be applicable exclusively in the case in which the author has knowledge of the contents and it would be technically possible and reasonable for him to prevent the usage in the case of illegal contents. The author hereby expressly declares that, at the time that the link was placed, no illegal contents were recognizable on the pages to be linked. The author has no control whatsoever over the current and future layout, the contents or the authorship of the linked\/connected webpages. Thus, he hereby expressly distances himself from all contents of all linked\/connected webpages which have been altered after the respective link was placed. This provision shall also be valid for all links and references placed within our own Internet site as well as for third-party entries in the guest books, discussion forums and mailing lists that have been set up by the author. For illegal, flawed or incomplete contents and particularly for damages which are created from the usage or the non-usage of such supplied information, solely the provider of the webpage shall be liable to which reference has been made\u2013not that provider who merely refers to the respective publication via links.<\/p><h5>3. 3. Copyright and Trademark Law<\/h5><p>The author shall endeavour, in all publications, to respect the copyrights for the graphics, audio documents, video sequences and texts used, to use self-created graphics, audio documents, video sequences and texts or to utilise licence-free graphics, audio documents, video sequences and texts. All trademarks and brand names mentioned within the Internet site and, where applicable, any trademarks and brand names that are protected by third-party rights, shall be subject in unrestricted fashion to the provisions of the respectively valid trademark law and the ownership rights of the respectively registered owners. Merely owing to the mere mention thereof, one should not draw the conclusion that trademarks are not protected by third-party rights! The copyright for published objects created by the author himself shall continue to be held by the author of the webpages. Any reproduction or usage of such graphics, audio documents, video sequences and texts in other electronic or printed publications shall not be permitted without the author\u2019s express consent.<\/p><h5>4. Legal Validity of This Liability Exclusion<\/h5><p>This liability exclusion should be regarded as being a component of the Internet site from which reference was made to this webpage. Insofar as sections or individual formulations of this text should not, no longer or not completely correspond to the valid legal situation, the rest of the sections of the document as a whole shall remain unaffected in their content and their validity.<\/p><p><a href=\"https:\/\/wordpress.org\/\" target=\"_blank\" rel=\"noopener\">Proudly powered by WordPress<\/a> | Theme: <a href=\"https:\/\/athemes.com\/theme\/sydney-pro\/\" target=\"_blank\" rel=\"nofollow noopener\">Sydney Pro<\/a> by aThemes.<\/p>\t\t\t\t\t\t<\/div>\n\t\t\t\t<\/div>\n\t\t\t\t<div class=\"elementor-element elementor-element-61e5225 elementor-widget elementor-widget-text-editor\" data-id=\"61e5225\" data-element_type=\"widget\" data-widget_type=\"text-editor.default\">\n\t\t\t\t<div class=\"elementor-widget-container\">\n\t\t\t\t\t\t\t<h4><strong>CADS Additive GmbH<\/strong><\/h4>\n<p>Technologiepark 17, 4320 Perg, Austria<br>T +43 7262 20540 \/\/ office@cads-additive.com \/\/ www.cads-additive.com<\/p>\n<p><strong>Firmenbuch:<\/strong> FN 447887 h<br><strong>UID NR.:<\/strong> ATU 70326248<br><strong>Gerichtsstand:<\/strong> Perg<br><strong>Offenlegung:<\/strong> gem. \u00a7 25 MedienG<\/p>\n<p><strong>Medieninhaber<br><\/strong>CADS Additive GmbH, Technologiepark 17, 4320 Perg, Austria<\/p>\n<p><strong>Unternehmensgegenstand<\/strong><br>Bereitstellung von Dienstleistungen in der automatischen Datenverarbeitung und Informationstechnologie.<\/p>\n<p><strong>Gesch\u00e4ftsf\u00fchrer<\/strong><br>Technologiepark 17, 4320 Perg, Austria<\/p>\n<h4><strong>Disclaimer<\/strong><\/h4>\n<h5>1. Inhalt des Onlineangebotes<\/h5>\n<p>Der Autor \u00fcbernimmt keinerlei Gew\u00e4hr f\u00fcr die Aktualit\u00e4t, Korrektheit, Vollst\u00e4ndigkeit oder Qualit\u00e4t der bereitgestellten Informationen. Haftungsanspr\u00fcche gegen den Autor, welche sich auf Sch\u00e4den materieller oder ideeller Art beziehen, die durch die Nutzung oder Nichtnutzung der dargebotenen Informationen bzw. durch die Nutzung fehlerhafter und unvollst\u00e4ndiger Informationen verursacht wurden, sind grunds\u00e4tzlich ausgeschlossen, sofern seitens des Autors kein nachweislich vors\u00e4tzliches oder grob fahrl\u00e4ssiges Verschulden vorliegt. Alle Angebote sind freibleibend und unverbindlich. Der Autor beh\u00e4lt es sich ausdr\u00fccklich vor, Teile der Seiten oder das gesamte Angebot ohne gesonderte Ank\u00fcndigung zu ver\u00e4ndern, zu erg\u00e4nzen, zu l\u00f6schen oder die Ver\u00f6ffentlichung zeitweise oder endg\u00fcltig einzustellen.<\/p>\n<h5>2. Verweise und Links<\/h5>\n<p>Bei direkten oder indirekten Verweisen auf fremde Internetseiten ( \u201eLinks\u201c ), die au\u00dferhalb des Verantwortungsbereiches des Autors liegen, w\u00fcrde eine Haftungsverpflichtung ausschlie\u00dflich in dem Fall in Kraft treten, in dem der Autor von den Inhalten Kenntnis hat und es ihm technisch m\u00f6glich und zumutbar w\u00e4re, die Nutzung im Falle rechtswidriger Inhalte zu verhindern. Der Autor erkl\u00e4rt hiermit ausdr\u00fccklich, dass zum Zeitpunkt der Linksetzung keine illegalen Inhalte auf den zu verlinkenden Seiten erkennbar waren. Auf die aktuelle und zuk\u00fcnftige Gestaltung, die Inhalte oder die Urheberschaft der gelinkten\/verkn\u00fcpften Seiten hat der Autor keinerlei Einfluss. Deshalb distanziert er sich hiermit ausdr\u00fccklich von allen Inhalten aller gelinkten \/verkn\u00fcpften Seiten, die nach der Linksetzung ver\u00e4ndert wurden. Diese Feststellung gilt f\u00fcr alle innerhalb des eigenen Internetangebotes gesetzten Links und Verweise sowie f\u00fcr Fremdeintr\u00e4ge in vom Autor eingerichteten G\u00e4steb\u00fcchern, Diskussionsforen und Mailinglisten. F\u00fcr illegale, fehlerhafte oder unvollst\u00e4ndige Inhalte und insbesondere f\u00fcr Sch\u00e4den, die aus der Nutzung oder Nichtnutzung solcherart dargebotener Informationen entstehen, haftet allein der Anbieter der Seite, auf welche verwiesen wurde, nicht derjenige, der \u00fcber Links auf die jeweilige Ver\u00f6ffentlichung lediglich verweist.<\/p>\n<h5>3. Urheber- und Kennzeichenrecht<\/h5>\n<p>Der Autor ist bestrebt, in allen Publikationen die Urheberrechte der verwendeten Grafiken, Tondokumente, Videosequenzen und Texte zu beachten, von ihm selbst erstellte Grafiken, Tondokumente, Videosequenzen und Texte zu nutzen oder auf lizenzfreie Grafiken, Tondokumente, Videosequenzen und Texte zur\u00fcckzugreifen. Alle innerhalb des Internetangebotes genannten und ggf. durch Dritte gesch\u00fctzten Marken- und Warenzeichen unterliegen uneingeschr\u00e4nkt den Bestimmungen des jeweils g\u00fcltigen Kennzeichenrechts und den Besitzrechten der jeweiligen eingetragenen Eigent\u00fcmer. Allein aufgrund der blo\u00dfen Nennung ist nicht der Schlu\u00df zu ziehen, dass Markenzeichen nicht durch Rechte Dritter gesch\u00fctzt sind! Das Copyright f\u00fcr ver\u00f6ffentlichte, vom Autor selbst erstellte Objekte bleibt allein beim Autor der Seiten. Eine Vervielf\u00e4ltigung oder Verwendung solcher Grafiken, Tondokumente, Videosequenzen und Texte in anderen elektronischen oder gedruckten Publikationen ist ohne ausdr\u00fcckliche Zustimmung des Autors nicht gestattet.<\/p>\n<h5>4. Rechtswirksamkeit dieses Haftungsausschlusses<\/h5>\n<p>Dieser Haftungsausschluss ist als Teil des Internetangebotes zu betrachten, von dem aus auf diese Seite verwiesen wurde. Sofern Teile oder einzelne Formulierungen dieses Textes der geltenden Rechtslage nicht, nicht mehr oder nicht vollst\u00e4ndig entsprechen sollten, bleiben die \u00fcbrigen Teile des Dokumentes in ihrem Inhalt und ihrer G\u00fcltigkeit davon unber\u00fchrt.<\/p>\n<p><a href=\"https:\/\/wordpress.org\/\" target=\"_blank\" rel=\"noopener\">Proudly powered by WordPress<\/a> | Theme: <a href=\"https:\/\/athemes.com\/theme\/sydney-pro\/\" target=\"_blank\" rel=\"nofollow noopener\">Sydney Pro<\/a> by aThemes.<\/p>\t\t\t\t\t\t<\/div>\n\t\t\t\t<\/div>\n\t\t\t\t\t<\/div>\n\t\t<\/div>\n\t\t\t\t\t<\/div>\n\t\t<\/section>\n\t\t\t\t<\/div>\n\t\t","protected":false},"excerpt":{"rendered":"<p>Imprint Hexagon Manufacturing Intelligence GmbH Technologiepark 17, 4320 Perg, AustriaT +43 7262 20540 \/\/ office@cads-additive.com \/\/ www.cads-additive.com Company Register: FN [&hellip;]<\/p>\n","protected":false},"author":1,"featured_media":0,"parent":0,"menu_order":0,"comment_status":"closed","ping_status":"closed","template":"page-templates\/page_fullwidth.php","meta":{"inline_featured_image":false},"_links":{"self":[{"href":"https:\/\/www.cads-additive.com\/en\/wp-json\/wp\/v2\/pages\/6738"}],"collection":[{"href":"https:\/\/www.cads-additive.com\/en\/wp-json\/wp\/v2\/pages"}],"about":[{"href":"https:\/\/www.cads-additive.com\/en\/wp-json\/wp\/v2\/types\/page"}],"author":[{"embeddable":true,"href":"https:\/\/www.cads-additive.com\/en\/wp-json\/wp\/v2\/users\/1"}],"replies":[{"embeddable":true,"href":"https:\/\/www.cads-additive.com\/en\/wp-json\/wp\/v2\/comments?post=6738"}],"version-history":[{"count":13,"href":"https:\/\/www.cads-additive.com\/en\/wp-json\/wp\/v2\/pages\/6738\/revisions"}],"predecessor-version":[{"id":22616,"href":"https:\/\/www.cads-additive.com\/en\/wp-json\/wp\/v2\/pages\/6738\/revisions\/22616"}],"wp:attachment":[{"href":"https:\/\/www.cads-additive.com\/en\/wp-json\/wp\/v2\/media?parent=6738"}],"curies":[{"name":"wp","href":"https:\/\/api.w.org\/{rel}","templated":true}]}}